{"id":40,"date":"2023-05-10T15:27:00","date_gmt":"2023-05-10T13:27:00","guid":{"rendered":"http:\/\/oray-life.com\/?page_id=40"},"modified":"2023-07-29T23:26:44","modified_gmt":"2023-07-29T21:26:44","slug":"contact","status":"publish","type":"page","link":"https:\/\/oray-life.com\/cs\/contact\/","title":{"rendered":"Kontakt"},"content":{"rendered":"<p>M\u016f\u017eete m\u011b kontaktovat na m\u00e9m <a rel=\"noreferrer noopener\" href=\"https:\/\/www.instagram.com\/oray_life\/\" target=\"_blank\">Instagramov\u00fd \u00fa\u010det<\/a> nebo na <a href=\"mailto:contact@oray-life.com\" target=\"_blank\" rel=\"noreferrer noopener\">m\u016fj email<\/a><\/p>","protected":false},"excerpt":{"rendered":"<p>Kontaktovat m\u011b m\u016f\u017eete na m\u00e9m instagramov\u00e9m \u00fa\u010dtu nebo na m\u00e9m emailu<\/p>","protected":false},"author":1,"featured_media":0,"parent":0,"menu_order":0,"comment_status":"closed","ping_status":"closed","template":"","meta":{"footnotes":""},"_links":{"self":[{"href":"https:\/\/oray-life.com\/cs\/wp-json\/wp\/v2\/pages\/40"}],"collection":[{"href":"https:\/\/oray-life.com\/cs\/wp-json\/wp\/v2\/pages"}],"about":[{"href":"https:\/\/oray-life.com\/cs\/wp-json\/wp\/v2\/types\/page"}],"author":[{"embeddable":true,"href":"https:\/\/oray-life.com\/cs\/wp-json\/wp\/v2\/users\/1"}],"replies":[{"embeddable":true,"href":"https:\/\/oray-life.com\/cs\/wp-json\/wp\/v2\/comments?post=40"}],"version-history":[{"count":2,"href":"https:\/\/oray-life.com\/cs\/wp-json\/wp\/v2\/pages\/40\/revisions"}],"predecessor-version":[{"id":225,"href":"https:\/\/oray-life.com\/cs\/wp-json\/wp\/v2\/pages\/40\/revisions\/225"}],"wp:attachment":[{"href":"https:\/\/oray-life.com\/cs\/wp-json\/wp\/v2\/media?parent=40"}],"curies":[{"name":"wp","href":"https:\/\/api.w.org\/{rel}","templated":true}]}}