{"id":40,"date":"2023-05-10T15:27:00","date_gmt":"2023-05-10T13:27:00","guid":{"rendered":"http:\/\/oray-life.com\/?page_id=40"},"modified":"2023-07-29T23:26:44","modified_gmt":"2023-07-29T21:26:44","slug":"ottaa-yhteytta","status":"publish","type":"page","link":"https:\/\/oray-life.com\/fi\/ottaa-yhteytta\/","title":{"rendered":"Ottaa yhteytt\u00e4"},"content":{"rendered":"<p>Voit ottaa minuun yhteytt\u00e4 minun <a rel=\"noreferrer noopener\" href=\"https:\/\/www.instagram.com\/oray_life\/\" target=\"_blank\">Instagram-tili<\/a> tai p\u00e4\u00e4ll\u00e4 <a href=\"mailto:contact@oray-life.com\" target=\"_blank\" rel=\"noreferrer noopener\">s\u00e4hk\u00f6postini<\/a><\/p>","protected":false},"excerpt":{"rendered":"<p>You can contact me on my Instagram account or on my email<\/p>","protected":false},"author":1,"featured_media":0,"parent":0,"menu_order":0,"comment_status":"closed","ping_status":"closed","template":"","meta":{"footnotes":""},"_links":{"self":[{"href":"https:\/\/oray-life.com\/fi\/wp-json\/wp\/v2\/pages\/40"}],"collection":[{"href":"https:\/\/oray-life.com\/fi\/wp-json\/wp\/v2\/pages"}],"about":[{"href":"https:\/\/oray-life.com\/fi\/wp-json\/wp\/v2\/types\/page"}],"author":[{"embeddable":true,"href":"https:\/\/oray-life.com\/fi\/wp-json\/wp\/v2\/users\/1"}],"replies":[{"embeddable":true,"href":"https:\/\/oray-life.com\/fi\/wp-json\/wp\/v2\/comments?post=40"}],"version-history":[{"count":2,"href":"https:\/\/oray-life.com\/fi\/wp-json\/wp\/v2\/pages\/40\/revisions"}],"predecessor-version":[{"id":225,"href":"https:\/\/oray-life.com\/fi\/wp-json\/wp\/v2\/pages\/40\/revisions\/225"}],"wp:attachment":[{"href":"https:\/\/oray-life.com\/fi\/wp-json\/wp\/v2\/media?parent=40"}],"curies":[{"name":"wp","href":"https:\/\/api.w.org\/{rel}","templated":true}]}}